{"id":230365,"date":"2025-05-08T16:40:11","date_gmt":"2025-05-08T21:40:11","guid":{"rendered":"https:\/\/mandalastore.tecdisol.com\/w\/producto\/mini-supine\/"},"modified":"2025-05-08T16:40:11","modified_gmt":"2025-05-08T21:40:11","slug":"mini-supine","status":"publish","type":"product","link":"https:\/\/mandalastore.tecdisol.com\/w\/producto\/mini-supine\/","title":{"rendered":"MINI SUPINE"},"content":{"rendered":"<p><span style=\"background-color:rgb(255,255,255);color:rgb(0,0,0);\">1. Ejercita todo tu cuerpo, como la fuerza del n\u00facleo abdominal, el aspecto y la paja. 2. F\u00e1cil instalaci\u00f3n, puede usar esta ayuda sentado justo despu\u00e9s de 2 pasos. 3. Succi\u00f3n de goma de alta calidad, fuerte potencia para proporcionar una experiencia de ejercicio m\u00e1s segura. 4. Peso ligero y port\u00e1til, no necesita demasiado espacio para almacenar y puede hacer ejercicio conveniente. 5. Espuma c\u00f3moda para proteger mejor tus anckle. 6. Adecuado para diferentes personas para todas las edades, incluye ni\u00f1os, adultos y ancianos. Especificaciones: Nombre: Asistente para sentarse Material: acero + espuma + Silicona Peso neto: 0,5 KG<\/span><\/p>\n","protected":false},"excerpt":{"rendered":"<p>1. Ejercita todo tu cuerpo, como la fuerza del n\u00facleo abdominal, el aspecto y la paja. 2. F\u00e1cil instalaci\u00f3n, puede usar esta ayuda sentado justo despu\u00e9s de 2 pasos. 3. Succi\u00f3n de goma de alta calidad, fuerte potencia para proporcionar una experiencia de ejercicio m\u00e1s segura. 4. Peso ligero y port\u00e1til, no necesita demasiado espacio [&hellip;]<\/p>\n","protected":false},"featured_media":230366,"comment_status":"","ping_status":"closed","template":"","meta":{"_et_pb_use_builder":"","_et_pb_old_content":"","_et_gb_content_width":""},"product_brand":[],"product_cat":[],"product_tag":[],"class_list":{"0":"post-230365","1":"product","2":"type-product","3":"status-publish","4":"has-post-thumbnail","7":"first","8":"instock","9":"shipping-taxable","10":"purchasable","11":"product-type-simple"},"_links":{"self":[{"href":"https:\/\/mandalastore.tecdisol.com\/w\/wp-json\/wp\/v2\/product\/230365","targetHints":{"allow":["GET"]}}],"collection":[{"href":"https:\/\/mandalastore.tecdisol.com\/w\/wp-json\/wp\/v2\/product"}],"about":[{"href":"https:\/\/mandalastore.tecdisol.com\/w\/wp-json\/wp\/v2\/types\/product"}],"replies":[{"embeddable":true,"href":"https:\/\/mandalastore.tecdisol.com\/w\/wp-json\/wp\/v2\/comments?post=230365"}],"wp:featuredmedia":[{"embeddable":true,"href":"https:\/\/mandalastore.tecdisol.com\/w\/wp-json\/wp\/v2\/media\/230366"}],"wp:attachment":[{"href":"https:\/\/mandalastore.tecdisol.com\/w\/wp-json\/wp\/v2\/media?parent=230365"}],"wp:term":[{"taxonomy":"product_brand","embeddable":true,"href":"https:\/\/mandalastore.tecdisol.com\/w\/wp-json\/wp\/v2\/product_brand?post=230365"},{"taxonomy":"product_cat","embeddable":true,"href":"https:\/\/mandalastore.tecdisol.com\/w\/wp-json\/wp\/v2\/product_cat?post=230365"},{"taxonomy":"product_tag","embeddable":true,"href":"https:\/\/mandalastore.tecdisol.com\/w\/wp-json\/wp\/v2\/product_tag?post=230365"}],"curies":[{"name":"wp","href":"https:\/\/api.w.org\/{rel}","templated":true}]}}