{"id":230361,"date":"2025-05-08T16:40:09","date_gmt":"2025-05-08T21:40:09","guid":{"rendered":"https:\/\/mandalastore.tecdisol.com\/w\/producto\/speedy-chopper-grande\/"},"modified":"2025-05-08T16:40:09","modified_gmt":"2025-05-08T21:40:09","slug":"speedy-chopper-grande","status":"publish","type":"product","link":"https:\/\/mandalastore.tecdisol.com\/w\/producto\/speedy-chopper-grande\/","title":{"rendered":"SPEEDY CHOPPER GRANDE"},"content":{"rendered":"<p><span style=\"background-color:rgb(255,255,255);color:rgb(102,102,102);\">PICADOR DE VERDURA<\/span><\/p>\n<p><span style=\"background-color:rgb(255,255,255);color:rgb(102,102,102);\">Encuentre inspiraci\u00f3n para su pr\u00f3xima comida gourmet con Genius Nicer Dicer Plus Speedy Chopper. La funci\u00f3n multiusos de la rebanadora de cocina le permite cortar, cortar en dados y rallar a trav\u00e9s de frutas, verduras, nueces, queso y m\u00e1s. Hace que las tareas dif\u00edciles de la cocina sean un trabajo r\u00e1pido y es incre\u00edblemente f\u00e1cil de ensamblar, usar y cuidar.<\/span><br \/><span style=\"background-color:rgb(255,255,255);color:rgb(102,102,102);\">\u2022 Procesador de alimentos a mano<\/span><br \/><span style=\"background-color:rgb(255,255,255);color:rgb(102,102,102);\">\u2022 Contenedor de pl\u00e1stico duradero<\/span><br \/><span style=\"background-color:rgb(255,255,255);color:rgb(102,102,102);\">\u2022 Puede ser utilizado para refrigerar alimentos picados<\/span><br \/><span style=\"background-color:rgb(255,255,255);color:rgb(102,102,102);\">\u2022 Operaci\u00f3n segura<\/span><br \/><span style=\"background-color:rgb(255,255,255);color:rgb(102,102,102);\">\u2022 Cuchillas de acero inoxidable<\/span><\/p>\n","protected":false},"excerpt":{"rendered":"<p>PICADOR DE VERDURA Encuentre inspiraci\u00f3n para su pr\u00f3xima comida gourmet con Genius Nicer Dicer Plus Speedy Chopper. La funci\u00f3n multiusos de la rebanadora de cocina le permite cortar, cortar en dados y rallar a trav\u00e9s de frutas, verduras, nueces, queso y m\u00e1s. Hace que las tareas dif\u00edciles de la cocina sean un trabajo r\u00e1pido y [&hellip;]<\/p>\n","protected":false},"featured_media":230362,"comment_status":"","ping_status":"closed","template":"","meta":{"_et_pb_use_builder":"","_et_pb_old_content":"","_et_gb_content_width":""},"product_brand":[],"product_cat":[],"product_tag":[],"class_list":{"0":"post-230361","1":"product","2":"type-product","3":"status-publish","4":"has-post-thumbnail","7":"first","8":"instock","9":"shipping-taxable","10":"purchasable","11":"product-type-simple"},"_links":{"self":[{"href":"https:\/\/mandalastore.tecdisol.com\/w\/wp-json\/wp\/v2\/product\/230361","targetHints":{"allow":["GET"]}}],"collection":[{"href":"https:\/\/mandalastore.tecdisol.com\/w\/wp-json\/wp\/v2\/product"}],"about":[{"href":"https:\/\/mandalastore.tecdisol.com\/w\/wp-json\/wp\/v2\/types\/product"}],"replies":[{"embeddable":true,"href":"https:\/\/mandalastore.tecdisol.com\/w\/wp-json\/wp\/v2\/comments?post=230361"}],"wp:featuredmedia":[{"embeddable":true,"href":"https:\/\/mandalastore.tecdisol.com\/w\/wp-json\/wp\/v2\/media\/230362"}],"wp:attachment":[{"href":"https:\/\/mandalastore.tecdisol.com\/w\/wp-json\/wp\/v2\/media?parent=230361"}],"wp:term":[{"taxonomy":"product_brand","embeddable":true,"href":"https:\/\/mandalastore.tecdisol.com\/w\/wp-json\/wp\/v2\/product_brand?post=230361"},{"taxonomy":"product_cat","embeddable":true,"href":"https:\/\/mandalastore.tecdisol.com\/w\/wp-json\/wp\/v2\/product_cat?post=230361"},{"taxonomy":"product_tag","embeddable":true,"href":"https:\/\/mandalastore.tecdisol.com\/w\/wp-json\/wp\/v2\/product_tag?post=230361"}],"curies":[{"name":"wp","href":"https:\/\/api.w.org\/{rel}","templated":true}]}}