{"id":230348,"date":"2025-05-08T16:40:05","date_gmt":"2025-05-08T21:40:05","guid":{"rendered":"https:\/\/mandalastore.tecdisol.com\/w\/producto\/revoflex\/"},"modified":"2025-05-08T16:40:05","modified_gmt":"2025-05-08T21:40:05","slug":"revoflex","status":"publish","type":"product","link":"https:\/\/mandalastore.tecdisol.com\/w\/producto\/revoflex\/","title":{"rendered":"REVOFLEX"},"content":{"rendered":"<ul>\n<li>C\u00f3modo y sencillo de usar por su peque\u00f1o tama\u00f1o.<\/li>\n<li>Tonifica los m\u00fasculos abdominales, de la espalda, los brazos, hombros y los gl\u00fateos al mismo tiempo.<\/li>\n<li>Entrenamiento abdominal m\u00e1s intenso, f\u00e1cil y con menos esfuerzo.<\/li>\n<li>Permite un ejercicio completo en abdominales, pecho, espalda, brazos, muslos, hombros y gl\u00fateos.<\/li>\n<li>Las ligas generan tensi\u00f3n lo que te da ejercicios de mayor resistencia y fuerza.<\/li>\n<li>Cuenta con 6 niveles de entrenamiento<\/li>\n<li>Se pueden realizar 44 ejercicios diferentes.<\/li>\n<li>No incluye recetario.<\/li>\n<\/ul>\n","protected":false},"excerpt":{"rendered":"<p>C\u00f3modo y sencillo de usar por su peque\u00f1o tama\u00f1o. Tonifica los m\u00fasculos abdominales, de la espalda, los brazos, hombros y los gl\u00fateos al mismo tiempo. Entrenamiento abdominal m\u00e1s intenso, f\u00e1cil y con menos esfuerzo. Permite un ejercicio completo en abdominales, pecho, espalda, brazos, muslos, hombros y gl\u00fateos. Las ligas generan tensi\u00f3n lo que te da [&hellip;]<\/p>\n","protected":false},"featured_media":230349,"comment_status":"","ping_status":"closed","template":"","meta":{"_et_pb_use_builder":"","_et_pb_old_content":"","_et_gb_content_width":""},"product_brand":[],"product_cat":[54],"product_tag":[],"class_list":{"0":"post-230348","1":"product","2":"type-product","3":"status-publish","4":"has-post-thumbnail","6":"product_cat-deportes","8":"first","9":"instock","10":"shipping-taxable","11":"purchasable","12":"product-type-simple"},"_links":{"self":[{"href":"https:\/\/mandalastore.tecdisol.com\/w\/wp-json\/wp\/v2\/product\/230348","targetHints":{"allow":["GET"]}}],"collection":[{"href":"https:\/\/mandalastore.tecdisol.com\/w\/wp-json\/wp\/v2\/product"}],"about":[{"href":"https:\/\/mandalastore.tecdisol.com\/w\/wp-json\/wp\/v2\/types\/product"}],"replies":[{"embeddable":true,"href":"https:\/\/mandalastore.tecdisol.com\/w\/wp-json\/wp\/v2\/comments?post=230348"}],"wp:featuredmedia":[{"embeddable":true,"href":"https:\/\/mandalastore.tecdisol.com\/w\/wp-json\/wp\/v2\/media\/230349"}],"wp:attachment":[{"href":"https:\/\/mandalastore.tecdisol.com\/w\/wp-json\/wp\/v2\/media?parent=230348"}],"wp:term":[{"taxonomy":"product_brand","embeddable":true,"href":"https:\/\/mandalastore.tecdisol.com\/w\/wp-json\/wp\/v2\/product_brand?post=230348"},{"taxonomy":"product_cat","embeddable":true,"href":"https:\/\/mandalastore.tecdisol.com\/w\/wp-json\/wp\/v2\/product_cat?post=230348"},{"taxonomy":"product_tag","embeddable":true,"href":"https:\/\/mandalastore.tecdisol.com\/w\/wp-json\/wp\/v2\/product_tag?post=230348"}],"curies":[{"name":"wp","href":"https:\/\/api.w.org\/{rel}","templated":true}]}}