{"id":230344,"date":"2025-05-08T16:40:03","date_gmt":"2025-05-08T21:40:03","guid":{"rendered":"https:\/\/mandalastore.tecdisol.com\/w\/producto\/tapas-de-siliconas\/"},"modified":"2025-05-08T16:40:03","modified_gmt":"2025-05-08T21:40:03","slug":"tapas-de-siliconas","status":"publish","type":"product","link":"https:\/\/mandalastore.tecdisol.com\/w\/producto\/tapas-de-siliconas\/","title":{"rendered":"TAPAS DE SILICONAS"},"content":{"rendered":"<p><strong>Descripciones:<\/strong><\/p>\n<p>1. El dise\u00f1o a prueba de fugas y la buena absorci\u00f3n evitan fugas de aire o l\u00edquido. Incluso cuando el recipiente sellado est\u00e1 boca abajo, las fundas para alimentos no se caen f\u00e1cilmente.<\/p>\n<p>2. Las tapas reutilizables para almacenar alimentos son s\u00faper flexibles, sin deformaci\u00f3n, estables y duraderas, antideslizantes con buena elasticidad.<\/p>\n<p><strong>Especificaciones:<\/strong><\/p>\n<p>Material: BPA, silicona de calidad alimentaria<\/p>\n<p>Forma: redondo<\/p>\n<p>Tama\u00f1o: 6,5 cm 9,5 cm 10,5 cm 14,5 cm 16,5 cm 20cm<\/p>\n<p><strong>Caracter\u00edsticas:<\/strong><\/p>\n<p>1. Ecol\u00f3gico y econ\u00f3mico: La cubierta el\u00e1stica de silicona puede reducir el desperdicio de pl\u00e1stico y ahorrar dinero, porque ya no necesita comprar celof\u00e1n para cubrir la comida fresca restante. Adem\u00e1s, las fundas para cuencos hacen un mejor trabajo para mantener la comida fresca.<\/p>\n<p>2. 6 tama\u00f1os diferentes: El juego incluye 6 fundas de silicona transparente en varios tama\u00f1os. Gracias a su material el\u00e1stico, las tapas para alimentos se adaptar\u00e1n f\u00e1cilmente a la mayor\u00eda de cuencos, ollas, contenedores, tazas, tazas, latas, tarros, E incluso puede usarlos para cubrir su medio cortar mel\u00f3n o sand\u00eda.<\/p>\n<p>3. Conservaci\u00f3n de alimentos: no necesita tirar las sobras. Puedes cubrir la comida con estas tapas de silicona y se mantendr\u00e1 fresca hasta que vuelvas a sentir hambre para evitar perder comida. La cubierta protectora de silicona se puede utilizar para cubrir alimentos cocinados, frutas, ensaladas, salsas y bebidas como caf\u00e9, t\u00e9, zumo, etc.<\/p>\n<p>4. material de seguridad: nuestra m\u00e1xima prioridad es garantizar la seguridad de nuestros clientes. Por lo tanto, nos aseguramos de que la cubierta el\u00e1stica de silicona sea de calidad alimentaria y completamente no t\u00f3xica. \u00a1Por lo tanto, siempre puede usarlo sin preocuparse por la salud de usted y de su familia!<\/p>\n<p>5. Resistente al fr\u00edo y al calor: La cubierta el\u00e1stica para alimentos se puede poner en el refrigerador, incluso en el microondas y el lavavajillas. Dado que el material de silicona puede soportar altas y altas temperaturas, la cubierta el\u00e1stica en forma de cuenco permanecer\u00e1 intacta durante mucho tiempo y ser\u00e1 tan buena como nueva.<\/p>\n<p>6 uds\/setx cubierta fresca<\/p>\n","protected":false},"excerpt":{"rendered":"<p>Descripciones: 1. El dise\u00f1o a prueba de fugas y la buena absorci\u00f3n evitan fugas de aire o l\u00edquido. Incluso cuando el recipiente sellado est\u00e1 boca abajo, las fundas para alimentos no se caen f\u00e1cilmente. 2. Las tapas reutilizables para almacenar alimentos son s\u00faper flexibles, sin deformaci\u00f3n, estables y duraderas, antideslizantes con buena elasticidad. Especificaciones: Material: [&hellip;]<\/p>\n","protected":false},"featured_media":230345,"comment_status":"","ping_status":"closed","template":"","meta":{"_et_pb_use_builder":"","_et_pb_old_content":"","_et_gb_content_width":""},"product_brand":[],"product_cat":[],"product_tag":[],"class_list":{"0":"post-230344","1":"product","2":"type-product","3":"status-publish","4":"has-post-thumbnail","7":"first","8":"instock","9":"shipping-taxable","10":"purchasable","11":"product-type-simple"},"_links":{"self":[{"href":"https:\/\/mandalastore.tecdisol.com\/w\/wp-json\/wp\/v2\/product\/230344","targetHints":{"allow":["GET"]}}],"collection":[{"href":"https:\/\/mandalastore.tecdisol.com\/w\/wp-json\/wp\/v2\/product"}],"about":[{"href":"https:\/\/mandalastore.tecdisol.com\/w\/wp-json\/wp\/v2\/types\/product"}],"replies":[{"embeddable":true,"href":"https:\/\/mandalastore.tecdisol.com\/w\/wp-json\/wp\/v2\/comments?post=230344"}],"wp:featuredmedia":[{"embeddable":true,"href":"https:\/\/mandalastore.tecdisol.com\/w\/wp-json\/wp\/v2\/media\/230345"}],"wp:attachment":[{"href":"https:\/\/mandalastore.tecdisol.com\/w\/wp-json\/wp\/v2\/media?parent=230344"}],"wp:term":[{"taxonomy":"product_brand","embeddable":true,"href":"https:\/\/mandalastore.tecdisol.com\/w\/wp-json\/wp\/v2\/product_brand?post=230344"},{"taxonomy":"product_cat","embeddable":true,"href":"https:\/\/mandalastore.tecdisol.com\/w\/wp-json\/wp\/v2\/product_cat?post=230344"},{"taxonomy":"product_tag","embeddable":true,"href":"https:\/\/mandalastore.tecdisol.com\/w\/wp-json\/wp\/v2\/product_tag?post=230344"}],"curies":[{"name":"wp","href":"https:\/\/api.w.org\/{rel}","templated":true}]}}