{"id":230284,"date":"2025-05-08T14:48:56","date_gmt":"2025-05-08T19:48:56","guid":{"rendered":"https:\/\/mandalastore.tecdisol.com\/w\/producto\/afilador-de-cuchillos-tijera-acero-mango-2\/"},"modified":"2025-05-08T14:56:37","modified_gmt":"2025-05-08T19:56:37","slug":"afilador-de-cuchillos-tijera-acero-mango-2","status":"publish","type":"product","link":"https:\/\/mandalastore.tecdisol.com\/w\/producto\/afilador-de-cuchillos-tijera-acero-mango-2\/","title":{"rendered":"Afilador De Cuchillos Tijera Acero Mango"},"content":{"rendered":"<p>El Afilador De Cuchillos Pro Multifuncional con Mango Ergon\u00f3mico en color Negro es una herramienta de nueva generaci\u00f3n para mantener tus cuchillos en perfecto estado. Cuenta con un sistema de 3 ranuras: la primera varilla de afilado de diamante repara y endereza las cuchillas da\u00f1adas, la segunda ranura se afile para restaurar su forma de V y la tercera ranura se afina para un pulido limpio.<br \/>\nGARANT\u00cdAS QUE APLICAN<\/p>\n<ol>\n<li>PEDIDO INCOMPLETO<\/li>\n<li>PRODUCTO ROTO<\/li>\n<li>PRODUCTO DIFERENTE A LO QUE PIDI\u00d3<\/li>\n<li>UNA VEZ\u00a0 LLEGUE EL PRODUCTO POR \u00a0REVISAR QUE\u00a0EST\u00c9 EN BUEN ESTADO, QUE FUNCIONE Y QUE SI SEA EL PRODUCTO QUE SE PIDI\u00d3, NUESTROS PRODUCTOS SOLO CUENTAN CON 10 DIAS DE GARANTIA.<\/li>\n<\/ol>\n<p>GARANT\u00cdAS QUE NO APLICAN<\/p>\n<ol>\n<li>MAL FUNCIONAMIENTO DEL PRODUCTO<\/li>\n<li>ORDEN DIFERENTE<\/li>\n<li>DESPU\u00c9S 10 D\u00cdAS NO CUBRIMOS CON GARANT\u00cdAS<\/li>\n<\/ol>\n<p>&nbsp;<\/p>\n","protected":false},"excerpt":{"rendered":"<p>El Afilador De Cuchillos Pro Multifuncional con Mango Ergon\u00f3mico en color Negro es una herramienta de nueva generaci\u00f3n para mantener tus cuchillos en perfecto estado. Cuenta con un sistema de 3 ranuras: la primera varilla de afilado de diamante repara y endereza las cuchillas da\u00f1adas, la segunda ranura se afile para restaurar su forma de [&hellip;]<\/p>\n","protected":false},"featured_media":230285,"comment_status":"closed","ping_status":"closed","template":"","meta":{"_et_pb_use_builder":"","_et_pb_old_content":"","_et_gb_content_width":""},"product_brand":[],"product_cat":[21],"product_tag":[],"class_list":{"0":"post-230284","1":"product","2":"type-product","3":"status-publish","4":"has-post-thumbnail","6":"product_cat-sin-categorizar","8":"first","9":"instock","10":"sale","11":"shipping-taxable","12":"purchasable","13":"product-type-simple"},"_links":{"self":[{"href":"https:\/\/mandalastore.tecdisol.com\/w\/wp-json\/wp\/v2\/product\/230284","targetHints":{"allow":["GET"]}}],"collection":[{"href":"https:\/\/mandalastore.tecdisol.com\/w\/wp-json\/wp\/v2\/product"}],"about":[{"href":"https:\/\/mandalastore.tecdisol.com\/w\/wp-json\/wp\/v2\/types\/product"}],"replies":[{"embeddable":true,"href":"https:\/\/mandalastore.tecdisol.com\/w\/wp-json\/wp\/v2\/comments?post=230284"}],"wp:featuredmedia":[{"embeddable":true,"href":"https:\/\/mandalastore.tecdisol.com\/w\/wp-json\/wp\/v2\/media\/230285"}],"wp:attachment":[{"href":"https:\/\/mandalastore.tecdisol.com\/w\/wp-json\/wp\/v2\/media?parent=230284"}],"wp:term":[{"taxonomy":"product_brand","embeddable":true,"href":"https:\/\/mandalastore.tecdisol.com\/w\/wp-json\/wp\/v2\/product_brand?post=230284"},{"taxonomy":"product_cat","embeddable":true,"href":"https:\/\/mandalastore.tecdisol.com\/w\/wp-json\/wp\/v2\/product_cat?post=230284"},{"taxonomy":"product_tag","embeddable":true,"href":"https:\/\/mandalastore.tecdisol.com\/w\/wp-json\/wp\/v2\/product_tag?post=230284"}],"curies":[{"name":"wp","href":"https:\/\/api.w.org\/{rel}","templated":true}]}}